{"id":16,"date":"2022-04-28T13:50:13","date_gmt":"2022-04-28T13:50:13","guid":{"rendered":"https:\/\/demo.creativethemes.com\/blocksy\/gadgets\/?page_id=16"},"modified":"2025-08-05T16:18:14","modified_gmt":"2025-08-05T14:18:14","slug":"about-us","status":"publish","type":"page","link":"https:\/\/sotebcomputer.ma\/index.php\/about-us\/","title":{"rendered":"\u00c0 propos"},"content":{"rendered":"\n<div class=\"wp-block-stackable-columns alignfull stk-block-columns stk-block stk-2b0ea27 stk-block-background\" data-block-id=\"2b0ea27\"><style>.stk-2b0ea27{background-color:var(--theme-palette-color-1,#BC3759) !important;padding-top:200px !important;padding-bottom:100px !important;margin-bottom:0px !important}.stk-2b0ea27:before{background-color:var(--theme-palette-color-1,#BC3759) !important}@media screen and (max-width:1023px){.stk-2b0ea27{padding-top:150px !important}}<\/style><div class=\"stk-row stk-inner-blocks has-text-align-center stk-block-content stk-content-align stk-2b0ea27-column\">\n<div class=\"wp-block-stackable-column stk-block-column stk-column stk-block stk-7ac51ec\" data-v=\"4\" data-block-id=\"7ac51ec\"><style>.stk-7ac51ec-container{margin-top:0px !important;margin-right:0px !important;margin-bottom:0px !important;margin-left:0px !important}<\/style><div class=\"stk-column-wrapper stk-block-column__content stk-container stk-7ac51ec-container stk--no-background stk--no-padding\"><div class=\"stk-block-content stk-inner-blocks stk-7ac51ec-inner-blocks\">\n\n<div class=\"wp-block-stackable-heading stk-block-heading stk-block-heading--v2 stk-block stk-b8fedda\" id=\"contact-us\" data-block-id=\"b8fedda\"><style>.stk-b8fedda{margin-bottom:0px !important}.stk-b8fedda .stk-block-heading__text{font-size:60px !important;color:var(--theme-palette-color-8,#ffffff) !important}@media screen and (max-width:1023px){.stk-b8fedda .stk-block-heading__text{font-size:40px !important}}<\/style><h2 class=\"stk-block-heading__text has-text-color has-palette-color-8-color\">\u00c0 propos<\/h2><\/div>\n<div class=\"wp-block-stackable-spacer stk-block-spacer stk--no-padding stk-block stk-5233348\" data-block-id=\"5233348\"><style>.stk-5233348{height:40px !important}<\/style><\/div>\n<\/div><\/div><\/div>\n<\/div><\/div>\n\n\n\n<!DOCTYPE html>\n<html lang=\"fr\">\n<head>\n  <meta charset=\"UTF-8\" \/>\n  <meta name=\"viewport\" content=\"width=device-width, initial-scale=1.0\"\/>\n  <title>SOTEB COMPUTER<\/title>\n  <link rel=\"stylesheet\" href=\"https:\/\/cdnjs.cloudflare.com\/ajax\/libs\/font-awesome\/6.4.0\/css\/all.min.css\">\n  <style>\n    body {\n      background-color: #f2f2f2;\n      color: #1a1a1a;\n      font-family: 'Segoe UI', Tahoma, Geneva, Verdana, sans-serif;\n      padding: 20px;\n      min-height: 100vh;\n    }\n    .container {\n      max-width: 1000px;\n      margin: auto;\n      background: white;\n      padding: 20px;\n      border-radius: 15px;\n      box-shadow: 0 10px 30px rgba(0,0,0,0.1);\n    }\n    header {\n      text-align: center;\n      margin-bottom: 40px;\n    }\n    h1 {\n      color: #1a1a1a;\n      font-size: 2.5rem;\n    }\n    .tagline {\n      color: #b21f1f;\n      font-weight: 500;\n    }\n    .accordion-item {\n      background: #ffffff;\n      margin-bottom: 20px;\n      border-radius: 10px;\n      overflow: hidden;\n      box-shadow: 0 5px 15px rgba(0,0,0,0.1); \/* \u2705 Ombre individuelle *\/\n    }\n    .accordion-header {\n      padding: 20px;\n      display: flex;\n      justify-content: space-between;\n      align-items: center;\n      background: #f3f5f7;\n      cursor: pointer;\n    }\n    .accordion-header h5 {\n      margin: 0;\n      font-size: 1.2rem;\n      color: #555; \/* \u2705 Gris doux au lieu du bleu *\/\n    }\n    .accordion-content {\n      max-height: 0;\n      overflow: hidden;\n      transition: all 0.3s ease;\n      background: #f9f9f9;\n    }\n    .accordion-content-inner {\n      padding: 0 20px 20px 20px;\n    }\n    .accordion-item.active .accordion-content {\n      max-height: 500px;\n    }\n    .accordion-header i {\n      color: #b21f1f;\n    }\n    .accordion-content p,\n    .accordion-content li {\n      color: #333; \/* \u2705 Texte bien lisible (gris fonc\u00e9) *\/\n    }\n    footer {\n      text-align: center;\n      margin-top: 50px;\n      color: #777;\n    }\n  <\/style>\n<\/head>\n<body>\n  <div class=\"container\">\n    <header>\n      <h1>SOTEB COMPUTER<\/h1>\n      <p class=\"tagline\">Solutions informatiques fiables depuis 1998<\/p>\n    <\/header>\n\n    <!-- Bloc 1 : \u00c0 propos -->\n    <div class=\"accordion-item active\">\n      <div class=\"accordion-header\">\n        <h5><i class=\"fas fa-building\"><\/i> \u00c0 propos de SOTEB COMPUTER<\/h5>\n        <i class=\"fas fa-chevron-down\"><\/i>\n      <\/div>\n      <div class=\"accordion-content\">\n        <div class=\"accordion-content-inner\">\n          <p>SOTEB COMPUTER est une entreprise sp\u00e9cialis\u00e9e dans les solutions informatiques \u00e0 El Jadida depuis 1998. Nous accompagnons les particuliers et entreprises avec un service fiable, accessible et professionnel.<\/p>\n        <\/div>\n      <\/div>\n    <\/div>\n\n    <!-- Bloc 2 : Domaines d'expertise -->\n    <div class=\"accordion-item\">\n      <div class=\"accordion-header\">\n        <h5><i class=\"fas fa-laptop-code\"><\/i> Nos domaines d\u2019expertise<\/h5>\n        <i class=\"fas fa-chevron-down\"><\/i>\n      <\/div>\n      <div class=\"accordion-content\">\n        <div class=\"accordion-content-inner\">\n          <ul>\n            <li>Maintenance informatique &#038; assistance<\/li>\n            <li>Vente de mat\u00e9riel &#038; consommables<\/li>\n            <li>Installation de syst\u00e8mes de surveillance<\/li>\n            <li>Cr\u00e9ation de sites web vitrine ou e-commerce<\/li>\n          <\/ul>\n        <\/div>\n      <\/div>\n    <\/div>\n\n    <!-- Bloc 3 : Pourquoi nous faire confiance -->\n    <div class=\"accordion-item\">\n      <div class=\"accordion-header\">\n        <h5><i class=\"fas fa-handshake\"><\/i> Pourquoi nous faire confiance ?<\/h5>\n        <i class=\"fas fa-chevron-down\"><\/i>\n      <\/div>\n      <div class=\"accordion-content\">\n        <div class=\"accordion-content-inner\">\n          <ul>\n            <li>+25 ans d&rsquo;exp\u00e9rience<\/li>\n            <li>Proximit\u00e9 et r\u00e9activit\u00e9<\/li>\n            <li>Service apr\u00e8s-vente de qualit\u00e9<\/li>\n            <li>Des solutions sur mesure<\/li>\n          <\/ul>\n        <\/div>\n      <\/div>\n    <\/div>\n\n    <footer>\n      &copy; 2023 SOTEB COMPUTER &#8211; Tous droits r\u00e9serv\u00e9s\n    <\/footer>\n  <\/div>\n\n  <script>\n    document.querySelectorAll('.accordion-header').forEach(header => {\n      header.addEventListener('click', () => {\n        const item = header.parentElement;\n        document.querySelectorAll('.accordion-item').forEach(i => {\n          if (i !== item) i.classList.remove('active');\n        });\n        item.classList.toggle('active');\n      });\n    });\n  <\/script>\n<\/body>\n<\/html>\n\n\n\n<p><\/p>\n\n\n\n<div class=\"wp-block-stackable-columns stk-block-columns stk-block stk-615ffb8\" data-block-id=\"615ffb8\"><style>.stk-615ffb8{max-width:750px !important;margin-right:auto !important;margin-bottom:0px !important;margin-left:auto !important}.stk-615ffb8-column{--stk-column-gap:50px !important;row-gap:50px !important}<\/style><div class=\"stk-row stk-inner-blocks stk-block-content stk-content-align stk-615ffb8-column\">\n<div class=\"wp-block-stackable-column stk-block-column stk-column stk-block stk-69e9c51\" data-v=\"4\" data-block-id=\"69e9c51\"><style>.stk-69e9c51-container{margin-top:0px !important;margin-right:0px !important;margin-bottom:0px !important;margin-left:0px !important}<\/style><div class=\"stk-column-wrapper stk-block-column__content stk-container stk-69e9c51-container stk--no-background stk--no-padding\"><div class=\"stk-block-content stk-inner-blocks stk-69e9c51-inner-blocks\">\n<div class=\"wp-block-stackable-count-up stk-block-count-up stk-block stk-71719b7\" data-block-id=\"71719b7\"><style>.stk-71719b7{margin-bottom:10px !important}.stk-71719b7 .stk-block-count-up__text{text-shadow:0px 15px 14px rgba(18,63,82,0.3) !important;font-size:50px !important;color:var(--theme-palette-color-1,#5B38ED) !important;font-weight:800 !important}@media screen and (max-width:1023px){.stk-71719b7 .stk-block-count-up__text{font-size:40px !important}}<\/style><div class=\"stk-block-count-up__text has-text-color has-palette-color-1-color has-text-align-center\" data-duration=\"2600\">3,674<\/div><\/div>\n<div class=\"wp-block-stackable-text stk-block-text stk-block stk-18052a5\" data-block-id=\"18052a5\"><style>.stk-18052a5 .stk-block-text__text{color:var(--theme-palette-color-4,#111518) !important;font-weight:700 !important;text-transform:uppercase !important}<\/style><p class=\"stk-block-text__text has-text-color has-palette-color-4-color has-text-align-center\">Products sold<\/p><\/div>\n<\/div><\/div><\/div>\n<div class=\"wp-block-stackable-column stk-block-column stk-column stk-block stk-6614bc8\" data-v=\"4\" data-block-id=\"6614bc8\"><style>.stk-6614bc8-container{margin-top:0px !important;margin-right:0px !important;margin-bottom:0px !important;margin-left:0px !important}<\/style><div class=\"stk-column-wrapper stk-block-column__content stk-container stk-6614bc8-container stk--no-background stk--no-padding\"><div class=\"stk-block-content stk-inner-blocks stk-6614bc8-inner-blocks\">\n<div class=\"wp-block-stackable-count-up stk-block-count-up stk-block stk-48ad520\" data-block-id=\"48ad520\"><style>.stk-48ad520{margin-bottom:10px !important}.stk-48ad520 .stk-block-count-up__text{text-shadow:0px 15px 14px rgba(18,63,82,0.3) !important;font-size:50px !important;color:var(--theme-palette-color-1,#5B38ED) !important;font-weight:800 !important}@media screen and (max-width:1023px){.stk-48ad520 .stk-block-count-up__text{font-size:40px !important}}<\/style><div class=\"stk-block-count-up__text has-text-color has-palette-color-1-color has-text-align-center\">2,500<\/div><\/div>\n<div class=\"wp-block-stackable-text stk-block-text stk-block stk-fd9fab0\" data-block-id=\"fd9fab0\"><style>.stk-fd9fab0 .stk-block-text__text{color:var(--theme-palette-color-4,#111518) !important;font-weight:700 !important;text-transform:uppercase !important}<\/style><p class=\"stk-block-text__text has-text-color has-palette-color-4-color has-text-align-center\">Happy clients<\/p><\/div>\n<\/div><\/div><\/div>\n<div class=\"wp-block-stackable-column stk-block-column stk-column stk-block stk-a5259d4\" data-v=\"4\" data-block-id=\"a5259d4\"><style>.stk-a5259d4-container{margin-top:0px !important;margin-right:0px !important;margin-bottom:0px !important;margin-left:0px !important}<\/style><div class=\"stk-column-wrapper stk-block-column__content stk-container stk-a5259d4-container stk--no-background stk--no-padding\"><div class=\"stk-block-content stk-inner-blocks stk-a5259d4-inner-blocks\">\n<div class=\"wp-block-stackable-count-up stk-block-count-up stk-block stk-84a982a\" data-block-id=\"84a982a\"><style>.stk-84a982a{margin-bottom:10px !important}.stk-84a982a .stk-block-count-up__text{text-shadow:0px 15px 14px rgba(18,63,82,0.3) !important;font-size:50px !important;color:var(--theme-palette-color-1,#5B38ED) !important;font-weight:800 !important}@media screen and (max-width:1023px){.stk-84a982a .stk-block-count-up__text{font-size:40px !important}}<\/style><div class=\"stk-block-count-up__text has-text-color has-palette-color-1-color has-text-align-center\">100%<\/div><\/div>\n<div class=\"wp-block-stackable-text stk-block-text stk-block stk-df8e931\" data-block-id=\"df8e931\"><style>.stk-df8e931 .stk-block-text__text{color:var(--theme-palette-color-4,#111518) !important;font-weight:700 !important;text-transform:uppercase !important}<\/style><p class=\"stk-block-text__text has-text-color has-palette-color-4-color has-text-align-center\">Satisfaction rate<\/p><\/div>\n<\/div><\/div><\/div>\n<\/div><\/div>\n\n\n\n<div class=\"wp-block-stackable-spacer stk-block-spacer stk--no-padding stk-block stk-fda9322\" data-block-id=\"fda9322\"><style>.stk-fda9322{height:80px !important}@media screen and (max-width:1023px){.stk-fda9322{height:50px !important}}<\/style><\/div>\n\n\n\n<div class=\"wp-block-stackable-columns alignfull stk-block-columns stk-block stk-28c55c3 stk-block-background\" data-block-id=\"28c55c3\"><style>.stk-28c55c3{background-color:var(--theme-palette-color-1,#BC3759) !important;padding-top:120px !important;padding-bottom:120px !important;margin-bottom:0px !important}.stk-28c55c3:before{background-color:var(--theme-palette-color-1,#BC3759) !important}@media screen and (max-width:1023px){.stk-28c55c3{padding-top:80px !important;padding-bottom:80px !important}}@media screen and (max-width:767px){.stk-28c55c3{padding-top:60px !important;padding-bottom:60px !important}}<\/style><div class=\"stk-row stk-inner-blocks stk-block-content stk-content-align stk-28c55c3-column\">\n<div class=\"wp-block-stackable-column stk-block-column stk-column stk-block stk-ab0628c ct-subscribe-form\" data-v=\"4\" data-block-id=\"ab0628c\"><style>.stk-ab0628c-container{margin-top:0px !important;margin-right:auto !important;margin-bottom:0px !important;margin-left:auto !important;min-height:0px !important;max-width:767px !important}.stk-ab0628c-inner-blocks{justify-content:space-between !important;row-gap:0px !important}<\/style><div class=\"stk-column-wrapper stk-block-column__content stk-container stk-ab0628c-container stk--no-background stk--no-padding\"><div class=\"has-text-align-center stk--column-flex stk-block-content stk-inner-blocks stk-ab0628c-inner-blocks\">\n<div class=\"wp-block-stackable-heading stk-block-heading stk-block-heading--v2 stk-block stk-30c77b7\" id=\"ne-manquez-pas-notre-offre\" data-block-id=\"30c77b7\"><style>.stk-30c77b7{margin-bottom:40px !important}.stk-30c77b7 .stk-block-heading__text{color:var(--theme-palette-color-8,#ffffff) !important}@media screen and (max-width:1023px){.stk-30c77b7{margin-bottom:30px !important}.stk-30c77b7 .stk-block-heading__text{font-size:30px !important}}@media screen and (max-width:767px){.stk-30c77b7 .stk-block-heading__text{font-size:25px !important}}<\/style><h2 class=\"stk-block-heading__text has-text-color has-palette-color-8-color has-text-align-center\">Ne manquez pas nos Offres<\/h2><\/div>\n<\/div><\/div><\/div>\n<\/div><\/div>\n","protected":false},"excerpt":{"rendered":"<p>\u00c0 propos SOTEB COMPUTER SOTEB COMPUTER Solutions informatiques fiables depuis 1998 \u00c0 propos de SOTEB COMPUTER SOTEB COMPUTER est une entreprise sp\u00e9cialis\u00e9e dans les solutions informatiques \u00e0 El Jadida depuis 1998. Nous accompagnons les particuliers et entreprises avec un service fiable, accessible et professionnel. Nos domaines d\u2019expertise Maintenance informatique &#038; assistance Vente de mat\u00e9riel &#038; [&hellip;]<\/p>\n","protected":false},"author":1,"featured_media":0,"parent":0,"menu_order":0,"comment_status":"closed","ping_status":"closed","template":"","meta":{"footnotes":""},"class_list":["post-16","page","type-page","status-publish","hentry"],"blocksy_meta":{"page_title_panel":"","has_hero_section":"disabled","e526bf15e511397327c0ea7c622e70d5":"","hero_section":"type-1","hero_elements":[{"id":"custom_title","enabled":true,"heading_tag":"h1","title":"Home"},{"id":"custom_description","enabled":true,"description_visibility":{"desktop":true,"tablet":true,"mobile":false}},{"id":"custom_meta","enabled":false,"meta_elements":[{"id":"author","enabled":true,"label":"By","has_author_avatar":"yes","avatar_size":25},{"id":"post_date","enabled":true,"label":"On","date_format_source":"default","date_format":"M j, Y"},{"id":"updated_date","enabled":false,"label":"On","date_format_source":"default","date_format":"M j, Y"},{"id":"categories","enabled":false,"label":"In","style":"simple"},{"id":"comments","enabled":true}],"page_meta_elements":{"joined":true,"articles_count":true,"comments":true}},{"id":"breadcrumbs","enabled":false}],"e215eb52d97ca5ebf9ff3868ffff48c4":"","hero_alignment1":"CT_CSS_SKIP_RULE","hero_margin":40,"hero_alignment2":"center","hero_vertical_alignment":"center","9ab8835f9687c382b8c48ee74eb290b1":"","hero_structure":"narrow","9fcb5372e27f299ebb25c8a4aba6c935":"","page_title_bg_type":"featured_image","custom_hero_background":{"attachment_id":null},"page_title_image_size":"full","parallax":{"desktop":false,"tablet":false,"mobile":false},"a6bd30db6f7128ca14dd777aa48118ec":"","hero_height":"250px","pageTitleFont":{"family":"Default","variation":"Default","size":"30px","line-height":"CT_CSS_SKIP_RULE","letter-spacing":"CT_CSS_SKIP_RULE","text-transform":"CT_CSS_SKIP_RULE","text-decoration":"CT_CSS_SKIP_RULE"},"pageTitleFontColor":{"default":{"color":"CT_CSS_SKIP_RULEDEFAULT"}},"pageMetaFont":{"family":"Default","variation":"n6","size":"12px","line-height":"1.3","letter-spacing":"CT_CSS_SKIP_RULE","text-transform":"uppercase","text-decoration":"CT_CSS_SKIP_RULE"},"pageMetaFontColor":{"default":{"color":"CT_CSS_SKIP_RULEDEFAULT"},"hover":{"color":"CT_CSS_SKIP_RULEDEFAULT"}},"page_meta_button_type_font_colors":{"default":{"color":"CT_CSS_SKIP_RULEDEFAULT"},"hover":{"color":"CT_CSS_SKIP_RULEDEFAULT"}},"page_meta_button_type_background_colors":{"default":{"color":"CT_CSS_SKIP_RULEDEFAULT"},"hover":{"color":"CT_CSS_SKIP_RULEDEFAULT"}},"pageExcerptFont":{"family":"Default","variation":"Default","size":"CT_CSS_SKIP_RULE","line-height":"CT_CSS_SKIP_RULE","letter-spacing":"CT_CSS_SKIP_RULE","text-transform":"CT_CSS_SKIP_RULE","text-decoration":"CT_CSS_SKIP_RULE"},"pageExcerptColor":{"default":{"color":"CT_CSS_SKIP_RULEDEFAULT"}},"breadcrumbsFont":{"family":"Default","variation":"Default","size":"CT_CSS_SKIP_RULE","line-height":"CT_CSS_SKIP_RULE","letter-spacing":"CT_CSS_SKIP_RULE","text-transform":"CT_CSS_SKIP_RULE","text-decoration":"CT_CSS_SKIP_RULE"},"breadcrumbsFontColor":{"default":{"color":"CT_CSS_SKIP_RULEDEFAULT"},"initial":{"color":"CT_CSS_SKIP_RULEDEFAULT"},"hover":{"color":"CT_CSS_SKIP_RULEDEFAULT"}},"pageTitleOverlay":{"background_type":"color","background_pattern":"type-1","background_image":{"attachment_id":null,"x":0,"y":0},"gradient":"linear-gradient(135deg,rgba(6,147,227,1) 0%,rgb(155,81,224) 100%)","background_repeat":"repeat","background_size":"auto","background_attachment":"scroll","patternColor":{"default":{"color":"#e5e7ea"}},"overlayColor":{"default":{"color":"CT_CSS_SKIP_RULE"}},"backgroundColor":{"default":{"color":"CT_CSS_SKIP_RULE"}}},"pageTitleBackground":{"background_type":"color","background_pattern":"type-1","background_image":{"attachment_id":null,"x":0,"y":0},"gradient":"linear-gradient(135deg,rgba(6,147,227,1) 0%,rgb(155,81,224) 100%)","background_repeat":"repeat","background_size":"auto","background_attachment":"scroll","patternColor":{"default":{"color":"#e5e7ea"}},"overlayColor":{"default":{"color":"CT_CSS_SKIP_RULE"}},"backgroundColor":{"default":{"color":"var(--theme-palette-color-6)"}}},"pageTitlePadding":{"top":"50px","bottom":"50px","left":"auto","right":"auto","linked":true},"17dd88181336b93c39910ae374bba20f":"","page_structure_type":"default","dc61af32236be1bc5ecce3249dcc2da4":"","content_style_source":"inherit","content_style":"wide","vertical_spacing_source":"custom","content_area_spacing":"none","background":{"background_type":"color","background_pattern":"type-1","background_image":{"attachment_id":null,"x":0,"y":0},"gradient":"linear-gradient(135deg,rgba(6,147,227,1) 0%,rgb(155,81,224) 100%)","background_repeat":"repeat","background_size":"auto","background_attachment":"scroll","patternColor":{"default":{"color":"#e5e7ea"}},"overlayColor":{"default":{"color":"CT_CSS_SKIP_RULE"}},"backgroundColor":{"default":{"color":"CT_CSS_SKIP_RULE"}}},"content_background":{"background_type":"color","background_pattern":"type-1","background_image":{"attachment_id":null,"x":0,"y":0},"gradient":"linear-gradient(135deg,rgba(6,147,227,1) 0%,rgb(155,81,224) 100%)","background_repeat":"repeat","background_size":"auto","background_attachment":"scroll","patternColor":{"default":{"color":"#e5e7ea"}},"overlayColor":{"default":{"color":"CT_CSS_SKIP_RULE"}},"backgroundColor":{"default":{"color":"var(--theme-palette-color-8)"}}},"content_boxed_shadow":{"inherit":false,"blur":18,"spread":-6,"v_offset":12,"h_offset":0,"inset":false,"enable":true,"color":{"color":"rgba(34, 56, 101, 0.04)"}},"boxed_content_spacing":{"desktop":{"top":"40px","bottom":"40px","left":"40px","right":"40px","linked":true},"tablet":{"top":"35px","bottom":"35px","left":"35px","right":"35px","linked":true},"mobile":{"top":"20px","bottom":"20px","left":"20px","right":"20px","linked":true}},"content_boxed_radius":{"top":"3px","bottom":"3px","left":"3px","right":"3px","linked":true},"27df1c2ee6c2fdf36e31c6059ce1ce37":"","disable_featured_image":"no","disable_share_box":"no","disable_header":"no","disable_footer":"no","styles_descriptor":{"styles":{"desktop":"","tablet":"","mobile":""},"google_fonts":[],"version":6}},"_links":{"self":[{"href":"https:\/\/sotebcomputer.ma\/index.php\/wp-json\/wp\/v2\/pages\/16","targetHints":{"allow":["GET"]}}],"collection":[{"href":"https:\/\/sotebcomputer.ma\/index.php\/wp-json\/wp\/v2\/pages"}],"about":[{"href":"https:\/\/sotebcomputer.ma\/index.php\/wp-json\/wp\/v2\/types\/page"}],"author":[{"embeddable":true,"href":"https:\/\/sotebcomputer.ma\/index.php\/wp-json\/wp\/v2\/users\/1"}],"replies":[{"embeddable":true,"href":"https:\/\/sotebcomputer.ma\/index.php\/wp-json\/wp\/v2\/comments?post=16"}],"version-history":[{"count":57,"href":"https:\/\/sotebcomputer.ma\/index.php\/wp-json\/wp\/v2\/pages\/16\/revisions"}],"predecessor-version":[{"id":3185,"href":"https:\/\/sotebcomputer.ma\/index.php\/wp-json\/wp\/v2\/pages\/16\/revisions\/3185"}],"wp:attachment":[{"href":"https:\/\/sotebcomputer.ma\/index.php\/wp-json\/wp\/v2\/media?parent=16"}],"curies":[{"name":"wp","href":"https:\/\/api.w.org\/{rel}","templated":true}]}}